{"id":2157,"date":"2025-12-22T11:21:52","date_gmt":"2025-12-22T14:21:52","guid":{"rendered":"https:\/\/bimfacil.com\/?page_id=2157"},"modified":"2025-12-26T22:45:43","modified_gmt":"2025-12-27T01:45:43","slug":"aprenda-bim","status":"publish","type":"page","link":"https:\/\/bimfacil.com\/index.php\/aprenda-bim\/","title":{"rendered":"Aprenda BIM"},"content":{"rendered":"\t\t<div data-elementor-type=\"wp-page\" data-elementor-id=\"2157\" class=\"elementor elementor-2157\">\n\t\t\t\t\t\t\t\t\t<section class=\"elementor-section elementor-top-section elementor-element elementor-element-1144b80 elementor-section-boxed elementor-section-height-default elementor-section-height-default\" data-id=\"1144b80\" data-element_type=\"section\">\n\t\t\t\t\t\t<div class=\"elementor-container elementor-column-gap-default\">\n\t\t\t\t\t<div class=\"elementor-column elementor-col-50 elementor-top-column elementor-element elementor-element-63c1b53\" data-id=\"63c1b53\" data-element_type=\"column\">\n\t\t\t<div class=\"elementor-widget-wrap elementor-element-populated\">\n\t\t\t\t\t\t\t\t<div class=\"elementor-element elementor-element-9459e2b elementor-widget elementor-widget-image\" data-id=\"9459e2b\" data-element_type=\"widget\" data-widget_type=\"image.default\">\n\t\t\t\t<div class=\"elementor-widget-container\">\n\t\t\t<style>\/*! elementor - v3.11.5 - 14-03-2023 *\/\n.elementor-widget-image{text-align:center}.elementor-widget-image a{display:inline-block}.elementor-widget-image a img[src$=\".svg\"]{width:48px}.elementor-widget-image img{vertical-align:middle;display:inline-block}<\/style>\t\t\t\t\t\t\t\t\t\t\t\t\t<a href=\"https:\/\/bimfacil.com\">\n\t\t\t\t\t\t\t<img loading=\"lazy\" decoding=\"async\" width=\"300\" height=\"82\" src=\"https:\/\/bimfacil.com\/wp-content\/uploads\/2022\/10\/cropped-001sombra2-300x82.png\" class=\"attachment-medium size-medium wp-image-296\" alt=\"\" srcset=\"https:\/\/bimfacil.com\/wp-content\/uploads\/2022\/10\/cropped-001sombra2-300x82.png 300w, https:\/\/bimfacil.com\/wp-content\/uploads\/2022\/10\/cropped-001sombra2-1024x279.png 1024w, https:\/\/bimfacil.com\/wp-content\/uploads\/2022\/10\/cropped-001sombra2-768x209.png 768w, https:\/\/bimfacil.com\/wp-content\/uploads\/2022\/10\/cropped-001sombra2.png 1044w\" sizes=\"auto, (max-width: 300px) 100vw, 300px\" \/>\t\t\t\t\t\t\t\t<\/a>\n\t\t\t\t\t\t\t\t\t\t\t\t\t\t\t<\/div>\n\t\t\t\t<\/div>\n\t\t\t\t\t<\/div>\n\t\t<\/div>\n\t\t\t\t<div class=\"elementor-column elementor-col-50 elementor-top-column elementor-element elementor-element-47d621e\" data-id=\"47d621e\" data-element_type=\"column\">\n\t\t\t<div class=\"elementor-widget-wrap elementor-element-populated\">\n\t\t\t\t\t\t\t\t<div class=\"elementor-element elementor-element-eb555cb elementor-nav-menu__align-right elementor-nav-menu--dropdown-tablet elementor-nav-menu__text-align-aside elementor-nav-menu--toggle elementor-nav-menu--burger elementor-widget elementor-widget-nav-menu\" data-id=\"eb555cb\" data-element_type=\"widget\" data-settings=\"{&quot;layout&quot;:&quot;horizontal&quot;,&quot;submenu_icon&quot;:{&quot;value&quot;:&quot;&lt;i class=\\&quot;fas fa-caret-down\\&quot;&gt;&lt;\\\/i&gt;&quot;,&quot;library&quot;:&quot;fa-solid&quot;},&quot;toggle&quot;:&quot;burger&quot;}\" data-widget_type=\"nav-menu.default\">\n\t\t\t\t<div class=\"elementor-widget-container\">\n\t\t\t<link rel=\"stylesheet\" href=\"https:\/\/bimfacil.com\/wp-content\/plugins\/elementor-pro\/assets\/css\/widget-nav-menu.min.css\">\t\t\t<nav migration_allowed=\"1\" migrated=\"0\" role=\"navigation\" class=\"elementor-nav-menu--main elementor-nav-menu__container elementor-nav-menu--layout-horizontal e--pointer-underline e--animation-fade\">\n\t\t\t\t<ul id=\"menu-1-eb555cb\" class=\"elementor-nav-menu\"><li class=\"menu-item menu-item-type-post_type menu-item-object-page menu-item-home menu-item-1812\"><a href=\"https:\/\/bimfacil.com\/\" class=\"elementor-item\">Dicion\u00e1rio IFC<\/a><\/li>\n<li class=\"menu-item menu-item-type-post_type menu-item-object-page menu-item-2551\"><a href=\"https:\/\/bimfacil.com\/index.php\/bimlexor\/\" class=\"elementor-item\">Abrir\/Analisar IFC<\/a><\/li>\n<li class=\"menu-item menu-item-type-post_type menu-item-object-page menu-item-2610\"><a href=\"https:\/\/bimfacil.com\/index.php\/downloads\/\" class=\"elementor-item\">Downloads<\/a><\/li>\n<li class=\"menu-item menu-item-type-post_type menu-item-object-page menu-item-1392\"><a href=\"https:\/\/bimfacil.com\/index.php\/sobre\/\" class=\"elementor-item\">Sobre<\/a><\/li>\n<\/ul>\t\t\t<\/nav>\n\t\t\t\t\t<div class=\"elementor-menu-toggle\" role=\"button\" tabindex=\"0\" aria-label=\"Menu Toggle\" aria-expanded=\"false\">\n\t\t\t<i aria-hidden=\"true\" role=\"presentation\" class=\"elementor-menu-toggle__icon--open eicon-menu-bar\"><\/i><i aria-hidden=\"true\" role=\"presentation\" class=\"elementor-menu-toggle__icon--close eicon-close\"><\/i>\t\t\t<span class=\"elementor-screen-only\">Menu<\/span>\n\t\t<\/div>\n\t\t\t<nav class=\"elementor-nav-menu--dropdown elementor-nav-menu__container\" role=\"navigation\" aria-hidden=\"true\">\n\t\t\t\t<ul id=\"menu-2-eb555cb\" class=\"elementor-nav-menu\"><li class=\"menu-item menu-item-type-post_type menu-item-object-page menu-item-home menu-item-1812\"><a href=\"https:\/\/bimfacil.com\/\" class=\"elementor-item\" tabindex=\"-1\">Dicion\u00e1rio IFC<\/a><\/li>\n<li class=\"menu-item menu-item-type-post_type menu-item-object-page menu-item-2551\"><a href=\"https:\/\/bimfacil.com\/index.php\/bimlexor\/\" class=\"elementor-item\" tabindex=\"-1\">Abrir\/Analisar IFC<\/a><\/li>\n<li class=\"menu-item menu-item-type-post_type menu-item-object-page menu-item-2610\"><a href=\"https:\/\/bimfacil.com\/index.php\/downloads\/\" class=\"elementor-item\" tabindex=\"-1\">Downloads<\/a><\/li>\n<li class=\"menu-item menu-item-type-post_type menu-item-object-page menu-item-1392\"><a href=\"https:\/\/bimfacil.com\/index.php\/sobre\/\" class=\"elementor-item\" tabindex=\"-1\">Sobre<\/a><\/li>\n<\/ul>\t\t\t<\/nav>\n\t\t\t\t<\/div>\n\t\t\t\t<\/div>\n\t\t\t\t\t<\/div>\n\t\t<\/div>\n\t\t\t\t\t\t\t<\/div>\n\t\t<\/section>\n\t\t\t\t<section class=\"elementor-section elementor-top-section elementor-element elementor-element-d8614de elementor-section-boxed elementor-section-height-default elementor-section-height-default\" data-id=\"d8614de\" data-element_type=\"section\" data-settings=\"{&quot;background_background&quot;:&quot;classic&quot;}\">\n\t\t\t\t\t\t<div class=\"elementor-container elementor-column-gap-default\">\n\t\t\t\t\t<div class=\"elementor-column elementor-col-100 elementor-top-column elementor-element elementor-element-47e2c45\" data-id=\"47e2c45\" data-element_type=\"column\">\n\t\t\t<div class=\"elementor-widget-wrap elementor-element-populated\">\n\t\t\t\t\t\t\t\t<div class=\"elementor-element elementor-element-c533a05 elementor-widget elementor-widget-heading\" data-id=\"c533a05\" data-element_type=\"widget\" data-widget_type=\"heading.default\">\n\t\t\t\t<div class=\"elementor-widget-container\">\n\t\t\t<style>\/*! elementor - v3.11.5 - 14-03-2023 *\/\n.elementor-heading-title{padding:0;margin:0;line-height:1}.elementor-widget-heading .elementor-heading-title[class*=elementor-size-]>a{color:inherit;font-size:inherit;line-height:inherit}.elementor-widget-heading .elementor-heading-title.elementor-size-small{font-size:15px}.elementor-widget-heading .elementor-heading-title.elementor-size-medium{font-size:19px}.elementor-widget-heading .elementor-heading-title.elementor-size-large{font-size:29px}.elementor-widget-heading .elementor-heading-title.elementor-size-xl{font-size:39px}.elementor-widget-heading .elementor-heading-title.elementor-size-xxl{font-size:59px}<\/style><h2 class=\"elementor-heading-title elementor-size-default\">AprendaBIM<\/h2>\t\t<\/div>\n\t\t\t\t<\/div>\n\t\t\t\t\t<\/div>\n\t\t<\/div>\n\t\t\t\t\t\t\t<\/div>\n\t\t<\/section>\n\t\t\t\t<section class=\"elementor-section elementor-top-section elementor-element elementor-element-ba86bf6 elementor-section-boxed elementor-section-height-default elementor-section-height-default\" data-id=\"ba86bf6\" data-element_type=\"section\">\n\t\t\t\t\t\t<div class=\"elementor-container elementor-column-gap-default\">\n\t\t\t\t\t<div class=\"elementor-column elementor-col-100 elementor-top-column elementor-element elementor-element-d6032c3\" data-id=\"d6032c3\" data-element_type=\"column\">\n\t\t\t<div class=\"elementor-widget-wrap elementor-element-populated\">\n\t\t\t\t\t\t\t\t<div class=\"elementor-element elementor-element-bb38a14 elementor-widget elementor-widget-text-editor\" data-id=\"bb38a14\" data-element_type=\"widget\" data-widget_type=\"text-editor.default\">\n\t\t\t\t<div class=\"elementor-widget-container\">\n\t\t\t<style>\/*! elementor - v3.11.5 - 14-03-2023 *\/\n.elementor-widget-text-editor.elementor-drop-cap-view-stacked .elementor-drop-cap{background-color:#818a91;color:#fff}.elementor-widget-text-editor.elementor-drop-cap-view-framed .elementor-drop-cap{color:#818a91;border:3px solid;background-color:transparent}.elementor-widget-text-editor:not(.elementor-drop-cap-view-default) .elementor-drop-cap{margin-top:8px}.elementor-widget-text-editor:not(.elementor-drop-cap-view-default) .elementor-drop-cap-letter{width:1em;height:1em}.elementor-widget-text-editor .elementor-drop-cap{float:left;text-align:center;line-height:1;font-size:50px}.elementor-widget-text-editor .elementor-drop-cap-letter{display:inline-block}<\/style>\t\t\t\t<p>Aqui est\u00e3o alguns materiais que conhecemos e recomendamos para voc\u00ea que quer iniciar ou aprofundar seus conhecimentos no BIM e no OpenBIM.<\/p>\t\t\t\t\t\t<\/div>\n\t\t\t\t<\/div>\n\t\t\t\t\t<\/div>\n\t\t<\/div>\n\t\t\t\t\t\t\t<\/div>\n\t\t<\/section>\n\t\t\t\t<section class=\"elementor-section elementor-top-section elementor-element elementor-element-a9f64b2 elementor-section-boxed elementor-section-height-default elementor-section-height-default\" data-id=\"a9f64b2\" data-element_type=\"section\">\n\t\t\t\t\t\t<div class=\"elementor-container elementor-column-gap-default\">\n\t\t\t\t\t<div class=\"elementor-column elementor-col-100 elementor-top-column elementor-element elementor-element-a489878\" data-id=\"a489878\" data-element_type=\"column\">\n\t\t\t<div class=\"elementor-widget-wrap elementor-element-populated\">\n\t\t\t\t\t\t\t\t<div class=\"elementor-element elementor-element-4eb2dfa elementor-widget elementor-widget-toggle\" data-id=\"4eb2dfa\" data-element_type=\"widget\" data-widget_type=\"toggle.default\">\n\t\t\t\t<div class=\"elementor-widget-container\">\n\t\t\t<style>\/*! elementor - v3.11.5 - 14-03-2023 *\/\n.elementor-toggle{text-align:left}.elementor-toggle .elementor-tab-title{font-weight:700;line-height:1;margin:0;padding:15px;border-bottom:1px solid #d4d4d4;cursor:pointer;outline:none}.elementor-toggle .elementor-tab-title .elementor-toggle-icon{display:inline-block;width:1em}.elementor-toggle .elementor-tab-title .elementor-toggle-icon svg{-webkit-margin-start:-5px;margin-inline-start:-5px;width:1em;height:1em}.elementor-toggle .elementor-tab-title .elementor-toggle-icon.elementor-toggle-icon-right{float:right;text-align:right}.elementor-toggle .elementor-tab-title .elementor-toggle-icon.elementor-toggle-icon-left{float:left;text-align:left}.elementor-toggle .elementor-tab-title .elementor-toggle-icon .elementor-toggle-icon-closed{display:block}.elementor-toggle .elementor-tab-title .elementor-toggle-icon .elementor-toggle-icon-opened{display:none}.elementor-toggle .elementor-tab-title.elementor-active{border-bottom:none}.elementor-toggle .elementor-tab-title.elementor-active .elementor-toggle-icon-closed{display:none}.elementor-toggle .elementor-tab-title.elementor-active .elementor-toggle-icon-opened{display:block}.elementor-toggle .elementor-tab-content{padding:15px;border-bottom:1px solid #d4d4d4;display:none}@media (max-width:767px){.elementor-toggle .elementor-tab-title{padding:12px}.elementor-toggle .elementor-tab-content{padding:12px 10px}}.e-con-inner>.elementor-widget-toggle,.e-con>.elementor-widget-toggle{width:var(--container-widget-width);--flex-grow:var(--container-widget-flex-grow)}<\/style>\t\t<div class=\"elementor-toggle\" role=\"tablist\">\n\t\t\t\t\t\t\t<div class=\"elementor-toggle-item\">\n\t\t\t\t\t<div id=\"elementor-tab-title-8251\" class=\"elementor-tab-title\" data-tab=\"1\" role=\"tab\" aria-controls=\"elementor-tab-content-8251\" aria-expanded=\"false\">\n\t\t\t\t\t\t\t\t\t\t\t\t<span class=\"elementor-toggle-icon elementor-toggle-icon-left\" aria-hidden=\"true\">\n\t\t\t\t\t\t\t\t\t\t\t\t\t\t\t<span class=\"elementor-toggle-icon-closed\"><i class=\"far fa-caret-square-down\"><\/i><\/span>\n\t\t\t\t\t\t\t\t<span class=\"elementor-toggle-icon-opened\"><i class=\"elementor-toggle-icon-opened fas fa-caret-square-up\"><\/i><\/span>\n\t\t\t\t\t\t\t\t\t\t\t\t\t<\/span>\n\t\t\t\t\t\t\t\t\t\t\t\t<a href=\"\" class=\"elementor-toggle-title\">Livros<\/a>\n\t\t\t\t\t<\/div>\n\n\t\t\t\t\t<div id=\"elementor-tab-content-8251\" class=\"elementor-tab-content elementor-clearfix\" data-tab=\"1\" role=\"tabpanel\" aria-labelledby=\"elementor-tab-title-8251\"><h3><a href=\"https:\/\/amzn.to\/4sksLZK\">Manual de BIM<\/a><\/h3><h5><span class=\"author notFaded\" data-width=\"134\">Rafael Sacks<span class=\"contribution\"><span class=\"a-color-secondary\">, <\/span><\/span><\/span><span class=\"author notFaded\" data-width=\"161\">Charles Eastman<span class=\"contribution\"><span class=\"a-color-secondary\">, <\/span><\/span><\/span><span class=\"author notFaded\" data-width=\"135\">Paul Teicholz<span class=\"contribution\"><span class=\"a-color-secondary\">, <\/span><\/span><\/span><span class=\"author notFaded\" data-width=\"119\">Lee Ghang<span class=\"contribution\"><span class=\"a-color-secondary\">, <\/span><\/span><\/span><span class=\"author notFaded\" data-width=\"146\">Eduardo Toledo Santos e\u00a0<\/span><span class=\"author notFaded\" data-width=\"87\">Sergio Scheer<\/span><\/h5><p><img loading=\"lazy\" decoding=\"async\" class=\"\" src=\"https:\/\/m.media-amazon.com\/images\/I\/91yGSAzEjNL._SY425_.jpg\" width=\"205\" height=\"292\" \/><\/p><p>Esta aqui \u00e9 a B\u00edblia do BIM. Escrita por um de seus criadores, a lenda, Chuck Eastman, acompanhado por grandes profissionais da \u00e1rea. \u00c9 bem abrangente, \u00f3timo para se inserir no universo BIM e uma excelente fonte para consultas para quem j\u00e1 trabalha na \u00e1rea.<\/p><p>Alguns conceitos n\u00e3o se aplicam t\u00e3o bem \u00e0 realidade da constru\u00e7\u00e3o civil brasileira, mas sem d\u00favidas voc\u00ea ser\u00e1 um profissional diferente depois de estud\u00e1-lo.<\/p><h5><a href=\"https:\/\/amzn.to\/4sksLZK\">Comprar (Amazon)<\/a><\/h5><div>\u00a0<\/div><h3>_________________________________<\/h3><div>\u00a0<\/div><h3><a href=\"https:\/\/amzn.to\/3MSn1pL\">Gerenciamento e Coordena\u00e7\u00e3o de Projetos BIM<\/a><\/h3><h5><span class=\"author notFaded\" data-width=\"134\">Sergio Leusin<\/span><\/h5><p><img loading=\"lazy\" decoding=\"async\" class=\"\" src=\"https:\/\/m.media-amazon.com\/images\/I\/81U4ac7SLTL._SY425_.jpg\" width=\"209\" height=\"294\" \/><\/p><p>Excelente para aprofundar conceitos, fixar boas pr\u00e1ticas. Traz em sua base a norma ISO 19650. Sergio Leusin, que \u00e9 consultor da ABNT, tem uma vasta experi\u00eancia na aplica\u00e7\u00e3o do BIM e possui uma did\u00e1tica incr\u00edvel.<\/p><h5><a href=\"https:\/\/amzn.to\/3MSn1pL\">Comprar (Amazon)<\/a><\/h5><div>\u00a0<\/div><h3>_________________________________<\/h3><div>\u00a0<\/div><h3><a href=\"https:\/\/amzn.to\/3LjRBrS\">BIM e Inova\u00e7\u00e3o em Gest\u00e3o de Projetos<\/a><\/h3><h5><span class=\"author notFaded\" data-width=\"134\">Leonardo Manzione, Silvio Melhado e Claudino Lins N\u00f3brega Jr. <\/span><\/h5><p><img loading=\"lazy\" decoding=\"async\" class=\"\" src=\"https:\/\/m.media-amazon.com\/images\/I\/71oloft6A7L._SY425_.jpg\" width=\"210\" height=\"302\" \/><\/p><p>Prof. Manzione \u00e9 um dos pioneiros do uso do BIM no Brasil. Seu livro tamb\u00e9m usa como base a ISO 19650 e traz conceitos pr\u00e1ticos importantes para os processos BIM numa organiza\u00e7\u00e3o.<\/p><h5><a href=\"https:\/\/amzn.to\/3LjRBrS\">Comprar (Amazon)<\/a><\/h5><\/div>\n\t\t\t\t<\/div>\n\t\t\t\t\t\t\t<div class=\"elementor-toggle-item\">\n\t\t\t\t\t<div id=\"elementor-tab-title-8252\" class=\"elementor-tab-title\" data-tab=\"2\" role=\"tab\" aria-controls=\"elementor-tab-content-8252\" aria-expanded=\"false\">\n\t\t\t\t\t\t\t\t\t\t\t\t<span class=\"elementor-toggle-icon elementor-toggle-icon-left\" aria-hidden=\"true\">\n\t\t\t\t\t\t\t\t\t\t\t\t\t\t\t<span class=\"elementor-toggle-icon-closed\"><i class=\"far fa-caret-square-down\"><\/i><\/span>\n\t\t\t\t\t\t\t\t<span class=\"elementor-toggle-icon-opened\"><i class=\"elementor-toggle-icon-opened fas fa-caret-square-up\"><\/i><\/span>\n\t\t\t\t\t\t\t\t\t\t\t\t\t<\/span>\n\t\t\t\t\t\t\t\t\t\t\t\t<a href=\"\" class=\"elementor-toggle-title\">Cursos On-line<\/a>\n\t\t\t\t\t<\/div>\n\n\t\t\t\t\t<div id=\"elementor-tab-content-8252\" class=\"elementor-tab-content elementor-clearfix\" data-tab=\"2\" role=\"tabpanel\" aria-labelledby=\"elementor-tab-title-8252\"><h3><a href=\"https:\/\/go.hotmart.com\/X103237399N?dp=1\">Revit para Arquitetos 7.1<\/a><\/h3><h5><span class=\"author notFaded\" data-width=\"134\">Prof. Vinicius Chagas | Prof. Alexandre Caramaschi<\/span><\/h5><p><img loading=\"lazy\" decoding=\"async\" class=\"\" src=\"https:\/\/encrypted-tbn0.gstatic.com\/images?q=tbn:ANd9GcReVW6ELTgCvovIu2elHCoYixaaovbAMfgFjA&amp;s\" width=\"202\" height=\"151\" \/><\/p><p>Este curso \u00e9 complet\u00edssimo. Abrange n\u00e3o apenas arquitetura, mas tamb\u00e9m instala\u00e7\u00f5es prediais. Oferece tamb\u00e9m muito material \u00fatil como fam\u00edlias de Revit, planilhas de c\u00e1lculos, entre outros.<\/p><h5><a href=\"https:\/\/go.hotmart.com\/X103237399N?dp=1\">Matricule-se (Hotmart)<\/a><\/h5><h3>________________________<\/h3><\/div>\n\t\t\t\t<\/div>\n\t\t\t\t\t\t\t\t<\/div>\n\t\t\t\t<\/div>\n\t\t\t\t<\/div>\n\t\t\t\t\t<\/div>\n\t\t<\/div>\n\t\t\t\t\t\t\t<\/div>\n\t\t<\/section>\n\t\t\t\t\t\t\t<\/div>\n\t\t","protected":false},"excerpt":{"rendered":"<p>AprendaBIM Aqui est\u00e3o alguns materiais que conhecemos e recomendamos para voc\u00ea que quer iniciar ou aprofundar seus conhecimentos no BIM e no OpenBIM. Livros Manual de BIM Rafael Sacks, Charles Eastman, Paul Teicholz, Lee Ghang, Eduardo Toledo Santos e\u00a0Sergio Scheer Esta aqui \u00e9 a B\u00edblia do BIM. Escrita por um de seus criadores, a lenda, <a class=\"more-link\" href=\"https:\/\/bimfacil.com\/index.php\/aprenda-bim\/\">Leia mais&#8230; &raquo;<\/a><\/p>\n","protected":false},"author":1,"featured_media":0,"parent":0,"menu_order":0,"comment_status":"closed","ping_status":"closed","template":"elementor_canvas","meta":{"_coblocks_attr":"","_coblocks_dimensions":"","_coblocks_responsive_height":"","_coblocks_accordion_ie_support":"","_themeisle_gutenberg_block_has_review":false,"footnotes":""},"class_list":["post-2157","page","type-page","status-publish","hentry"],"_links":{"self":[{"href":"https:\/\/bimfacil.com\/index.php\/wp-json\/wp\/v2\/pages\/2157","targetHints":{"allow":["GET"]}}],"collection":[{"href":"https:\/\/bimfacil.com\/index.php\/wp-json\/wp\/v2\/pages"}],"about":[{"href":"https:\/\/bimfacil.com\/index.php\/wp-json\/wp\/v2\/types\/page"}],"author":[{"embeddable":true,"href":"https:\/\/bimfacil.com\/index.php\/wp-json\/wp\/v2\/users\/1"}],"replies":[{"embeddable":true,"href":"https:\/\/bimfacil.com\/index.php\/wp-json\/wp\/v2\/comments?post=2157"}],"version-history":[{"count":55,"href":"https:\/\/bimfacil.com\/index.php\/wp-json\/wp\/v2\/pages\/2157\/revisions"}],"predecessor-version":[{"id":2229,"href":"https:\/\/bimfacil.com\/index.php\/wp-json\/wp\/v2\/pages\/2157\/revisions\/2229"}],"wp:attachment":[{"href":"https:\/\/bimfacil.com\/index.php\/wp-json\/wp\/v2\/media?parent=2157"}],"curies":[{"name":"wp","href":"https:\/\/api.w.org\/{rel}","templated":true}]}}